{"id":3296,"date":"2024-04-22T10:32:28","date_gmt":"2024-04-22T08:32:28","guid":{"rendered":"https:\/\/inodec.fr\/en\/?page_id=3296"},"modified":"2025-01-29T15:03:23","modified_gmt":"2025-01-29T14:03:23","slug":"precision-machining-defense-sector","status":"publish","type":"page","link":"https:\/\/inodec.fr\/en\/precision-machining-defense-sector\/","title":{"rendered":"Precision Machining for the Defense Sector"},"content":{"rendered":"<p>[et_pb_section fb_built=&#8221;1&#8243; _builder_version=&#8221;4.16&#8243; _module_preset=&#8221;default&#8221; global_colors_info=&#8221;{}&#8221;][et_pb_row column_structure=&#8221;1_2,1_2&#8243; _builder_version=&#8221;4.16&#8243; _module_preset=&#8221;default&#8221; global_colors_info=&#8221;{}&#8221;][et_pb_column type=&#8221;1_2&#8243; _builder_version=&#8221;4.16&#8243; _module_preset=&#8221;default&#8221; global_colors_info=&#8221;{}&#8221;][et_pb_text _builder_version=&#8221;4.21.0&#8243; _module_preset=&#8221;default&#8221; text_font=&#8221;Nasalization||||||||&#8221; text_font_size=&#8221;30px&#8221; global_colors_info=&#8221;{}&#8221;]<\/p>\n<h1><strong>Precision Machining for the Defense Sector<\/strong><\/h1>\n<p>[\/et_pb_text][et_pb_text _builder_version=&#8221;4.21.0&#8243; _module_preset=&#8221;default&#8221; text_font_size=&#8221;20px&#8221; global_colors_info=&#8221;{}&#8221;]Operating in the demanding field of <strong class=\"d2b\">defense<\/strong>, we understand that reliable, durable, and precise parts are crucial to meet your various applications. We are committed to providing <strong class=\"d2b\">machining solutions<\/strong> that meet the strictest standards of the <strong class=\"d2b\">defense sector<\/strong>, with a constant focus on security and confidentiality. We invest in the latest machining technologies to ensure the reliability of each part we produce. Whether it&#8217;s components for optical equipment, armored vehicles, or other applications, our commitment to quality is unwavering.[\/et_pb_text][\/et_pb_column][et_pb_column type=&#8221;1_2&#8243; _builder_version=&#8221;4.16&#8243; _module_preset=&#8221;default&#8221; global_colors_info=&#8221;{}&#8221;][et_pb_image src=&#8221;https:\/\/inodec.fr\/en\/wp-content\/uploads\/sites\/2\/2024\/04\/machined-part-supplier-defense-sector.jpg&#8221; alt=&#8221;machined part supplier for the defense sector&#8221; align=&#8221;center&#8221; _builder_version=&#8221;4.21.0&#8243; _module_preset=&#8221;26367c7f-5795-4fd8-9b15-280f373c1aa4&#8243; width=&#8221;100%&#8221; module_alignment=&#8221;center&#8221; min_height=&#8221;100px&#8221; global_colors_info=&#8221;{}&#8221;][\/et_pb_image][\/et_pb_column][\/et_pb_row][\/et_pb_section][et_pb_section fb_built=&#8221;1&#8243; disabled_on=&#8221;on|on|on&#8221; _builder_version=&#8221;4.21.0&#8243; _module_preset=&#8221;default&#8221; background_color=&#8221;#ede8e1&#8243; background_image=&#8221;https:\/\/inodec.fr\/en\/wp-content\/uploads\/sites\/2\/2021\/02\/secteur-fluides-inodec.jpg&#8221; parallax=&#8221;on&#8221; parallax_method=&#8221;off&#8221; custom_padding=&#8221;61px||0px|||&#8221; disabled=&#8221;on&#8221; global_colors_info=&#8221;{}&#8221;][et_pb_row column_structure=&#8221;1_3,1_3,1_3&#8243; _builder_version=&#8221;4.16&#8243; _module_preset=&#8221;default&#8221; custom_margin=&#8221;|auto|-3px|auto||&#8221; global_colors_info=&#8221;{}&#8221;][et_pb_column type=&#8221;1_3&#8243; _builder_version=&#8221;4.16&#8243; _module_preset=&#8221;default&#8221; global_colors_info=&#8221;{}&#8221;][et_pb_image src=&#8221;https:\/\/inodec.fr\/en\/wp-content\/uploads\/sites\/2\/2021\/02\/inodec-capacite-usinage-blanc.png&#8221; align=&#8221;center&#8221; _builder_version=&#8221;4.16&#8243; _module_preset=&#8221;26367c7f-5795-4fd8-9b15-280f373c1aa4&#8243; global_colors_info=&#8221;{}&#8221;][\/et_pb_image][et_pb_text _builder_version=&#8221;4.21.0&#8243; _module_preset=&#8221;default&#8221; text_text_color=&#8221;#ffffff&#8221; width=&#8221;100%&#8221; custom_padding=&#8221;|||0px||&#8221; hover_enabled=&#8221;0&#8243; global_colors_info=&#8221;{}&#8221; sticky_enabled=&#8221;0&#8243;]<\/p>\n<p style=\"text-align: center;\"><strong>\u00d85mm to \u00d880mm<\/strong> in bars and tubes<\/p>\n<p style=\"text-align: center;\"><strong>up to \u00d8200mm<\/strong><\/p>\n<p>[\/et_pb_text][\/et_pb_column][et_pb_column type=&#8221;1_3&#8243; _builder_version=&#8221;4.16&#8243; _module_preset=&#8221;default&#8221; global_colors_info=&#8221;{}&#8221;][et_pb_image src=&#8221;https:\/\/inodec.fr\/en\/wp-content\/uploads\/sites\/2\/2021\/02\/inodec-serie-pieces-decolletage-blanc.png&#8221; align=&#8221;center&#8221; _builder_version=&#8221;4.16&#8243; _module_preset=&#8221;26367c7f-5795-4fd8-9b15-280f373c1aa4&#8243; global_colors_info=&#8221;{}&#8221;][\/et_pb_image][et_pb_text _builder_version=&#8221;4.21.0&#8243; _module_preset=&#8221;default&#8221; text_text_color=&#8221;#ffffff&#8221; hover_enabled=&#8221;0&#8243; global_colors_info=&#8221;{}&#8221; sticky_enabled=&#8221;0&#8243;]<\/p>\n<p style=\"text-align: center;\"><strong>500 parts<\/strong> to <strong>200 000 parts<\/strong> and more<\/p>\n<p>[\/et_pb_text][\/et_pb_column][et_pb_column type=&#8221;1_3&#8243; _builder_version=&#8221;4.16&#8243; _module_preset=&#8221;default&#8221; global_colors_info=&#8221;{}&#8221;][et_pb_image src=&#8221;https:\/\/inodec.fr\/en\/wp-content\/uploads\/sites\/2\/2021\/02\/inodec-matiere-usinee-blanc.png&#8221; align=&#8221;center&#8221; _builder_version=&#8221;4.16&#8243; _module_preset=&#8221;26367c7f-5795-4fd8-9b15-280f373c1aa4&#8243; global_colors_info=&#8221;{}&#8221;][\/et_pb_image][et_pb_text _builder_version=&#8221;4.16&#8243; _module_preset=&#8221;default&#8221; text_text_color=&#8221;#ffffff&#8221; global_colors_info=&#8221;{}&#8221;]<\/p>\n<p style=\"text-align: center;\">Acier, inox, laiton&#8230;<\/p>\n<p>[\/et_pb_text][\/et_pb_column][\/et_pb_row][\/et_pb_section][et_pb_section fb_built=&#8221;1&#8243; _builder_version=&#8221;4.16&#8243; _module_preset=&#8221;default&#8221; background_enable_image=&#8221;off&#8221; custom_padding=&#8221;||2px|||&#8221; global_colors_info=&#8221;{}&#8221;][et_pb_row column_structure=&#8221;1_2,1_2&#8243; _builder_version=&#8221;4.16&#8243; _module_preset=&#8221;default&#8221; global_colors_info=&#8221;{}&#8221;][et_pb_column type=&#8221;1_2&#8243; _builder_version=&#8221;4.16&#8243; _module_preset=&#8221;default&#8221; global_colors_info=&#8221;{}&#8221;][et_pb_text _builder_version=&#8221;4.21.0&#8243; _module_preset=&#8221;default&#8221; text_font=&#8221;Nasalization||||||||&#8221; global_colors_info=&#8221;{}&#8221;]<\/p>\n<h2><strong>Examples of machined parts for defense<\/strong><\/h2>\n<p>[\/et_pb_text][et_pb_text _builder_version=&#8221;4.21.0&#8243; _module_preset=&#8221;default&#8221; global_colors_info=&#8221;{}&#8221;]<\/p>\n<ul>\n<li><strong class=\"d2b\">Components for optical systems<\/strong> :\n<ul>\n<li>Lens bodies<\/li>\n<li>Mirror mounts<\/li>\n<li>Optical adapters<\/li>\n<\/ul>\n<\/li>\n<li><strong class=\"d2b\">Armored vehicles parts<\/strong> :\n<ul>\n<li><strong class=\"d2b\">Articulation joints<\/strong><\/li>\n<li><strong class=\"d2b\">Track axles<\/strong><\/li>\n<li>Armor elements<\/li>\n<\/ul>\n<\/li>\n<li><strong class=\"d2b\">Parts for helmets<\/strong>, protective equipment,<\/li>\n<li>Parts for connectivity elements such as <strong class=\"d2b\">connectors<\/strong>, <strong class=\"d2b\">coaxial connectors<\/strong>,<\/li>\n<li>Parts for communication systems: <strong class=\"d2b\">military radio connectors<\/strong><\/li>\n<li><strong class=\"d2b\">Armored fixing bolts<\/strong><\/li>\n<li>Drive pinions<\/li>\n<li>Equipment mounting flanges<\/li>\n<li>Transmission shafts<\/li>\n<li>Machined parts for relaxation assemblies<\/li>\n<li>Machined parts for bolt heads<\/li>\n<\/ul>\n<p>&nbsp;<\/p>\n<p>We are committed to providing machining solutions that meet the strictest standards of the defense sector, with a constant focus on security and confidentiality.<\/p>\n<p>[\/et_pb_text][\/et_pb_column][et_pb_column type=&#8221;1_2&#8243; _builder_version=&#8221;4.16&#8243; _module_preset=&#8221;default&#8221; global_colors_info=&#8221;{}&#8221;][et_pb_image src=&#8221;https:\/\/inodec.fr\/en\/wp-content\/uploads\/sites\/2\/2024\/04\/critical-part-turning-defense-sector.jpg&#8221; alt=&#8221;critical part turning defense sector&#8221; align=&#8221;center&#8221; _builder_version=&#8221;4.21.0&#8243; _module_preset=&#8221;26367c7f-5795-4fd8-9b15-280f373c1aa4&#8243; width=&#8221;100%&#8221; module_alignment=&#8221;center&#8221; min_height=&#8221;100px&#8221; global_colors_info=&#8221;{}&#8221;][\/et_pb_image][\/et_pb_column][\/et_pb_row][et_pb_row column_structure=&#8221;1_2,1_2&#8243; _builder_version=&#8221;4.16&#8243; _module_preset=&#8221;default&#8221; global_colors_info=&#8221;{}&#8221;][et_pb_column type=&#8221;1_2&#8243; _builder_version=&#8221;4.16&#8243; _module_preset=&#8221;default&#8221; global_colors_info=&#8221;{}&#8221;][et_pb_text _builder_version=&#8221;4.21.0&#8243; _module_preset=&#8221;default&#8221; text_font=&#8221;Nasalization||||||||&#8221; global_colors_info=&#8221;{}&#8221;]<\/p>\n<h2><strong>Machined Parts for the Defense Sector<\/strong><\/h2>\n<p>[\/et_pb_text][et_pb_text _builder_version=&#8221;4.21.0&#8243; _module_preset=&#8221;default&#8221; hover_enabled=&#8221;0&#8243; global_colors_info=&#8221;{}&#8221; sticky_enabled=&#8221;0&#8243;]<\/p>\n<p>For the <strong class=\"d2b\">defense sector<\/strong>, we machine parts ranging from \u00d820mm to \u00d8180mm in bar form. We can machine lengths of up to 200mm from billets depending on the desired diameter. Depending on your needs, we can produce batch sizes ranging from 500 to 100,000 pieces per year.<\/p>\n<p>[\/et_pb_text][\/et_pb_column][et_pb_column type=&#8221;1_2&#8243; _builder_version=&#8221;4.16&#8243; _module_preset=&#8221;default&#8221; global_colors_info=&#8221;{}&#8221;][et_pb_text _builder_version=&#8221;4.21.0&#8243; _module_preset=&#8221;default&#8221; text_font=&#8221;Nasalization||||||||&#8221; global_colors_info=&#8221;{}&#8221;]<\/p>\n<h2><strong>Materials Machined in the Defense Sector<\/strong><\/h2>\n<p>[\/et_pb_text][et_pb_text _builder_version=&#8221;4.21.0&#8243; _module_preset=&#8221;default&#8221; global_colors_info=&#8221;{}&#8221;]Our expertise in the <strong class=\"d2b\">defense sector<\/strong> enables us to machine all types of materials in our production workshop.<\/p>\n<ul>\n<li><strong class=\"d2b\">Steel<\/strong> (42CrMoS4, 35MV6, &#8230;)<\/li>\n<li><strong class=\"d2b\">Stainless steel<\/strong>,<\/li>\n<li><strong class=\"d2b\">Brass<\/strong>,<\/li>\n<li><strong class=\"d2b\">Titanium,<\/strong><\/li>\n<li><strong class=\"d2b\">Inconel<\/strong>,<\/li>\n<li><strong class=\"d2b\">Aluminum,<\/strong><\/li>\n<li>Composite materials: carbon&#8230;<\/li>\n<\/ul>\n<p>We have particular knowledge of difficult-to-machine materials.[\/et_pb_text][\/et_pb_column][\/et_pb_row][et_pb_row column_structure=&#8221;1_2,1_2&#8243; _builder_version=&#8221;4.16&#8243; _module_preset=&#8221;default&#8221; global_colors_info=&#8221;{}&#8221;][et_pb_column type=&#8221;1_2&#8243; _builder_version=&#8221;4.16&#8243; _module_preset=&#8221;default&#8221; global_colors_info=&#8221;{}&#8221;][et_pb_text _builder_version=&#8221;4.21.0&#8243; _module_preset=&#8221;default&#8221; text_font=&#8221;Nasalization||||||||&#8221; global_colors_info=&#8221;{}&#8221;]<\/p>\n<h2><strong>Quality and Traceability of Your Parts<\/strong><\/h2>\n<p>[\/et_pb_text][et_pb_text _builder_version=&#8221;4.21.0&#8243; _module_preset=&#8221;default&#8221; global_colors_info=&#8221;{}&#8221;]In the <strong class=\"d2b\">defense sector<\/strong>, the quality of components is more than a standard, it is a critical requirement. At INODEC, we understand the crucial importance of providing the highest quality parts to ensure the reliability of military systems and equipment. Our quality control procedures are rigorous, and we are equipped internally with state-of-the-art measurement tools that allow us to control all critical aspects of your parts. Security and <strong class=\"d2b\">traceability<\/strong> are critical aspects in the defense sector. We ensure complete traceability of each part, from raw material to finished product, to guarantee integrity and transparency to our customers.<\/p>\n<ul>\n<li><strong class=\"d2b\">ISO 9001:2015 Certification<\/strong><\/li>\n<li>Geometric and dimensional quality control<\/li>\n<li>Compliance with specific requirements of the defense sector<\/li>\n<li>Data and project confidentiality<\/li>\n<\/ul>\n<p>[\/et_pb_text][\/et_pb_column][et_pb_column type=&#8221;1_2&#8243; _builder_version=&#8221;4.16&#8243; _module_preset=&#8221;default&#8221; global_colors_info=&#8221;{}&#8221;][et_pb_text _builder_version=&#8221;4.21.0&#8243; _module_preset=&#8221;default&#8221; text_font=&#8221;Nasalization||||||||&#8221; global_colors_info=&#8221;{}&#8221;]<\/p>\n<h2><strong>Les prestations compl\u00e9mentaires pour vos projets d\u2019usinage de pi\u00e8ces pour la d\u00e9fense<\/strong><\/h2>\n<p>[\/et_pb_text][et_pb_text _builder_version=&#8221;4.21.0&#8243; _module_preset=&#8221;default&#8221; global_colors_info=&#8221;{}&#8221;]<\/p>\n<p>Via notre r\u00e9seau de sous-traitants locaux, nous assurons \u00e9galement des prestations compl\u00e9mentaires telles que\u00a0:<\/p>\n<ul>\n<li>la finition : tribofinition, \u00e9bavurage<\/li>\n<li>le traitement thermique et le traitement de surface \u00a0<\/li>\n<li>le marquage laser<\/li>\n<\/ul>\n<p>[\/et_pb_text][et_pb_button button_url=&#8221;https:\/\/inodec.fr\/en\/contact\/&#8221; button_text=&#8221;Contact us &#8221; button_alignment=&#8221;center&#8221; _builder_version=&#8221;4.21.0&#8243; _module_preset=&#8221;default&#8221; custom_button=&#8221;on&#8221; button_text_color=&#8221;#ffffff&#8221; button_bg_color=&#8221;#1c92b8&#8243; button_icon=&#8221;&#xe010;||divi||400&#8243; button_icon_placement=&#8221;left&#8221; global_colors_info=&#8221;{}&#8221;][\/et_pb_button][\/et_pb_column][\/et_pb_row][\/et_pb_section]<\/p>\n","protected":false},"excerpt":{"rendered":"<p>Precision Machining for the Defense SectorOperating in the demanding field of defense, we understand that reliable, durable, and precise parts are crucial to meet your various applications. We are committed to providing machining solutions that meet the strictest standards of the defense sector, with a constant focus on security and confidentiality. We invest in the [&hellip;]<\/p>\n","protected":false},"author":3,"featured_media":0,"parent":0,"menu_order":0,"comment_status":"closed","ping_status":"closed","template":"","meta":{"_et_pb_use_builder":"on","_et_pb_old_content":"","_et_gb_content_width":"","footnotes":""},"class_list":["post-3296","page","type-page","status-publish","hentry"],"yoast_head":"<!-- This site is optimized with the Yoast SEO plugin v27.3 - https:\/\/yoast.com\/product\/yoast-seo-wordpress\/ -->\n<title>Machined part defense sector, critical turned part manufacturer defense sector<\/title>\n<meta name=\"description\" content=\"INODEC manufactures machined parts for the defense sector. Visit our webiste for details on our kow-how and contact us for a price quote.\" \/>\n<meta name=\"robots\" content=\"index, follow, max-snippet:-1, max-image-preview:large, max-video-preview:-1\" \/>\n<link rel=\"canonical\" href=\"https:\/\/inodec.fr\/en\/precision-machining-defense-sector\/\" \/>\n<meta property=\"og:locale\" content=\"en_GB\" \/>\n<meta property=\"og:type\" content=\"article\" \/>\n<meta property=\"og:title\" content=\"Machined part defense sector, critical turned part manufacturer defense sector\" \/>\n<meta property=\"og:description\" content=\"INODEC manufactures machined parts for the defense sector. Visit our webiste for details on our kow-how and contact us for a price quote.\" \/>\n<meta property=\"og:url\" content=\"https:\/\/inodec.fr\/en\/precision-machining-defense-sector\/\" \/>\n<meta property=\"og:site_name\" content=\"Inodec EN\" \/>\n<meta property=\"article:modified_time\" content=\"2025-01-29T14:03:23+00:00\" \/>\n<meta name=\"twitter:card\" content=\"summary_large_image\" \/>\n<meta name=\"twitter:label1\" content=\"Estimated reading time\" \/>\n\t<meta name=\"twitter:data1\" content=\"3 minutes\" \/>\n<script type=\"application\/ld+json\" class=\"yoast-schema-graph\">{\"@context\":\"https:\\\/\\\/schema.org\",\"@graph\":[{\"@type\":\"WebPage\",\"@id\":\"https:\\\/\\\/inodec.fr\\\/en\\\/precision-machining-defense-sector\\\/\",\"url\":\"https:\\\/\\\/inodec.fr\\\/en\\\/precision-machining-defense-sector\\\/\",\"name\":\"Machined part defense sector, critical turned part manufacturer defense sector\",\"isPartOf\":{\"@id\":\"https:\\\/\\\/inodec.fr\\\/en\\\/#website\"},\"datePublished\":\"2024-04-22T08:32:28+00:00\",\"dateModified\":\"2025-01-29T14:03:23+00:00\",\"description\":\"INODEC manufactures machined parts for the defense sector. Visit our webiste for details on our kow-how and contact us for a price quote.\",\"breadcrumb\":{\"@id\":\"https:\\\/\\\/inodec.fr\\\/en\\\/precision-machining-defense-sector\\\/#breadcrumb\"},\"inLanguage\":\"en-GB\",\"potentialAction\":[{\"@type\":\"ReadAction\",\"target\":[\"https:\\\/\\\/inodec.fr\\\/en\\\/precision-machining-defense-sector\\\/\"]}]},{\"@type\":\"BreadcrumbList\",\"@id\":\"https:\\\/\\\/inodec.fr\\\/en\\\/precision-machining-defense-sector\\\/#breadcrumb\",\"itemListElement\":[{\"@type\":\"ListItem\",\"position\":1,\"name\":\"Accueil\",\"item\":\"https:\\\/\\\/inodec.fr\\\/en\\\/\"},{\"@type\":\"ListItem\",\"position\":2,\"name\":\"Precision Machining for the Defense Sector\"}]},{\"@type\":\"WebSite\",\"@id\":\"https:\\\/\\\/inodec.fr\\\/en\\\/#website\",\"url\":\"https:\\\/\\\/inodec.fr\\\/en\\\/\",\"name\":\"Inodec EN\",\"description\":\"Bar turning specialist\",\"potentialAction\":[{\"@type\":\"SearchAction\",\"target\":{\"@type\":\"EntryPoint\",\"urlTemplate\":\"https:\\\/\\\/inodec.fr\\\/en\\\/?s={search_term_string}\"},\"query-input\":{\"@type\":\"PropertyValueSpecification\",\"valueRequired\":true,\"valueName\":\"search_term_string\"}}],\"inLanguage\":\"en-GB\"}]}<\/script>\n<!-- \/ Yoast SEO plugin. -->","yoast_head_json":{"title":"Machined part defense sector, critical turned part manufacturer defense sector","description":"INODEC manufactures machined parts for the defense sector. Visit our webiste for details on our kow-how and contact us for a price quote.","robots":{"index":"index","follow":"follow","max-snippet":"max-snippet:-1","max-image-preview":"max-image-preview:large","max-video-preview":"max-video-preview:-1"},"canonical":"https:\/\/inodec.fr\/en\/precision-machining-defense-sector\/","og_locale":"en_GB","og_type":"article","og_title":"Machined part defense sector, critical turned part manufacturer defense sector","og_description":"INODEC manufactures machined parts for the defense sector. Visit our webiste for details on our kow-how and contact us for a price quote.","og_url":"https:\/\/inodec.fr\/en\/precision-machining-defense-sector\/","og_site_name":"Inodec EN","article_modified_time":"2025-01-29T14:03:23+00:00","twitter_card":"summary_large_image","twitter_misc":{"Estimated reading time":"3 minutes"},"schema":{"@context":"https:\/\/schema.org","@graph":[{"@type":"WebPage","@id":"https:\/\/inodec.fr\/en\/precision-machining-defense-sector\/","url":"https:\/\/inodec.fr\/en\/precision-machining-defense-sector\/","name":"Machined part defense sector, critical turned part manufacturer defense sector","isPartOf":{"@id":"https:\/\/inodec.fr\/en\/#website"},"datePublished":"2024-04-22T08:32:28+00:00","dateModified":"2025-01-29T14:03:23+00:00","description":"INODEC manufactures machined parts for the defense sector. Visit our webiste for details on our kow-how and contact us for a price quote.","breadcrumb":{"@id":"https:\/\/inodec.fr\/en\/precision-machining-defense-sector\/#breadcrumb"},"inLanguage":"en-GB","potentialAction":[{"@type":"ReadAction","target":["https:\/\/inodec.fr\/en\/precision-machining-defense-sector\/"]}]},{"@type":"BreadcrumbList","@id":"https:\/\/inodec.fr\/en\/precision-machining-defense-sector\/#breadcrumb","itemListElement":[{"@type":"ListItem","position":1,"name":"Accueil","item":"https:\/\/inodec.fr\/en\/"},{"@type":"ListItem","position":2,"name":"Precision Machining for the Defense Sector"}]},{"@type":"WebSite","@id":"https:\/\/inodec.fr\/en\/#website","url":"https:\/\/inodec.fr\/en\/","name":"Inodec EN","description":"Bar turning specialist","potentialAction":[{"@type":"SearchAction","target":{"@type":"EntryPoint","urlTemplate":"https:\/\/inodec.fr\/en\/?s={search_term_string}"},"query-input":{"@type":"PropertyValueSpecification","valueRequired":true,"valueName":"search_term_string"}}],"inLanguage":"en-GB"}]}},"_links":{"self":[{"href":"https:\/\/inodec.fr\/en\/wp-json\/wp\/v2\/pages\/3296","targetHints":{"allow":["GET"]}}],"collection":[{"href":"https:\/\/inodec.fr\/en\/wp-json\/wp\/v2\/pages"}],"about":[{"href":"https:\/\/inodec.fr\/en\/wp-json\/wp\/v2\/types\/page"}],"author":[{"embeddable":true,"href":"https:\/\/inodec.fr\/en\/wp-json\/wp\/v2\/users\/3"}],"replies":[{"embeddable":true,"href":"https:\/\/inodec.fr\/en\/wp-json\/wp\/v2\/comments?post=3296"}],"version-history":[{"count":7,"href":"https:\/\/inodec.fr\/en\/wp-json\/wp\/v2\/pages\/3296\/revisions"}],"predecessor-version":[{"id":3422,"href":"https:\/\/inodec.fr\/en\/wp-json\/wp\/v2\/pages\/3296\/revisions\/3422"}],"wp:attachment":[{"href":"https:\/\/inodec.fr\/en\/wp-json\/wp\/v2\/media?parent=3296"}],"curies":[{"name":"wp","href":"https:\/\/api.w.org\/{rel}","templated":true}]}}