{"id":2507,"date":"2021-05-19T12:28:18","date_gmt":"2021-05-19T10:28:18","guid":{"rendered":"https:\/\/inodec.fr\/en\/?page_id=2507"},"modified":"2023-04-20T11:57:44","modified_gmt":"2023-04-20T09:57:44","slug":"nos-actualites","status":"publish","type":"page","link":"https:\/\/inodec.fr\/en\/nos-actualites\/","title":{"rendered":"Nos actualit\u00e9s"},"content":{"rendered":"<p>[et_pb_section fb_built=&#8221;1&#8243; _builder_version=&#8221;4.16&#8243; _module_preset=&#8221;default&#8221; global_colors_info=&#8221;{}&#8221;][et_pb_row _builder_version=&#8221;4.16&#8243; _module_preset=&#8221;default&#8221; global_colors_info=&#8221;{}&#8221;][et_pb_column type=&#8221;4_4&#8243; _builder_version=&#8221;4.16&#8243; _module_preset=&#8221;default&#8221; global_colors_info=&#8221;{}&#8221;][et_pb_text _builder_version=&#8221;4.16&#8243; _module_preset=&#8221;default&#8221; text_font=&#8221;Nasalization||||||||&#8221; global_colors_info=&#8221;{}&#8221;]<\/p>\n<h1>Nos actualit\u00e9s<\/h1>\n<p>[\/et_pb_text][\/et_pb_column][\/et_pb_row][et_pb_row _builder_version=&#8221;4.16&#8243; _module_preset=&#8221;default&#8221; global_colors_info=&#8221;{}&#8221;][et_pb_column type=&#8221;4_4&#8243; _builder_version=&#8221;4.16&#8243; _module_preset=&#8221;default&#8221; global_colors_info=&#8221;{}&#8221;][et_pb_blog fullwidth=&#8221;off&#8221; posts_number=&#8221;100&#8243; show_more=&#8221;on&#8221; _builder_version=&#8221;4.17.4&#8243; _module_preset=&#8221;default&#8221; global_colors_info=&#8221;{}&#8221;][\/et_pb_blog][\/et_pb_column][\/et_pb_row][\/et_pb_section][et_pb_section fb_built=&#8221;1&#8243; _builder_version=&#8221;4.17.4&#8243; background_enable_color=&#8221;off&#8221; background_image=&#8221;https:\/\/inodec.fr\/en\/wp-content\/uploads\/sites\/2\/2019\/10\/pied-de-page2.png&#8221; custom_margin=&#8221;||||false|false&#8221; custom_padding=&#8221;||0px||false|false&#8221; saved_tabs=&#8221;all&#8221; locked=&#8221;off&#8221; global_colors_info=&#8221;{}&#8221;][et_pb_row column_structure=&#8221;1_2,1_2&#8243; _builder_version=&#8221;4.16&#8243; custom_margin=&#8221;|auto|0px|auto||&#8221; global_colors_info=&#8221;{}&#8221;][et_pb_column type=&#8221;1_2&#8243; _builder_version=&#8221;4.16&#8243; global_colors_info=&#8221;{}&#8221;][et_pb_code _builder_version=&#8221;4.16&#8243; vertical_offset_tablet=&#8221;0&#8243; horizontal_offset_tablet=&#8221;0&#8243; z_index_tablet=&#8221;0&#8243; box_shadow_horizontal_tablet=&#8221;0px&#8221; box_shadow_vertical_tablet=&#8221;0px&#8221; box_shadow_blur_tablet=&#8221;40px&#8221; box_shadow_spread_tablet=&#8221;0px&#8221; global_colors_info=&#8221;{}&#8221;]<\/p>\n<div class=\"et_pb_button_module_wrapper et_pb_button_1_wrapper et_pb_button_alignment_center et_pb_module \"><!-- [et_pb_line_break_holder] -->\t\t\t\t<a class=\"et_pb_button et_pb_button_1 et_pb_bg_layout_dark\" href=\"mailto:contact@inodec.fr\/en\" onclick=\"_paq.push(['trackLink', 'https:\/\/inodec.fr\/en\/envoi-email', 'link']);\">contact@inodec.fr\/en<\/a><!-- [et_pb_line_break_holder] -->\t\t\t<\/div>\n<p>[\/et_pb_code][et_pb_text _builder_version=&#8221;4.16&#8243; global_colors_info=&#8221;{}&#8221;]<\/p>\n<p style=\"text-align: center;\"><span style=\"color: #ffffff;\">Consultez nos\u00a0<span style=\"text-decoration: underline;\"><a href=\"https:\/\/inodec.fr\/en\/wp-content\/uploads\/sites\/2\/2020\/10\/CGV-EKAIM-V.-INODEC-2020.pdf\" target=\"_blank\" rel=\"noopener noreferrer\" style=\"color: #ffffff; text-decoration: underline;\">Conditions G\u00e9n\u00e9rales de Vente<\/a><\/span><\/span><\/p>\n<p>[\/et_pb_text][et_pb_text _builder_version=&#8221;4.16&#8243; text_orientation=&#8221;center&#8221; background_layout=&#8221;dark&#8221; link_option_url=&#8221;https:\/\/inodec.fr\/en\/mentions-legales\/&#8221; global_colors_info=&#8221;{}&#8221;]<\/p>\n<p>@2020&nbsp; &nbsp; Mentions L\u00e9gales<\/p>\n<p>[\/et_pb_text][\/et_pb_column][et_pb_column type=&#8221;1_2&#8243; _builder_version=&#8221;4.16&#8243; global_colors_info=&#8221;{}&#8221;][et_pb_image src=&#8221;https:\/\/inodec.fr\/en\/wp-content\/uploads\/sites\/2\/2020\/02\/ekaim_logo-blanc.png&#8221; _builder_version=&#8221;4.16&#8243; width=&#8221;39%&#8221; module_alignment=&#8221;center&#8221; global_colors_info=&#8221;{}&#8221;]<br \/>\n[\/et_pb_image][et_pb_text _builder_version=&#8221;4.16&#8243; global_colors_info=&#8221;{}&#8221;]<\/p>\n<h6 style=\"text-align: center;\"><span style=\"color: #ffffff;\">Inodec, une soci\u00e9t\u00e9 du groupe <a href=\"http:\/\/www.ekaim.fr\" target=\"_blank\" rel=\"noopener noreferrer\"><strong>EKAIM Technologie<\/strong><\/a><\/span><\/h6>\n<p>[\/et_pb_text][\/et_pb_column][\/et_pb_row][\/et_pb_section]<\/p>\n","protected":false},"excerpt":{"rendered":"<p>Nos actualit\u00e9sConsultez nos\u00a0Conditions G\u00e9n\u00e9rales de Vente @2020&nbsp; &nbsp; Mentions L\u00e9gales Inodec, une soci\u00e9t\u00e9 du groupe EKAIM Technologie<\/p>\n","protected":false},"author":3,"featured_media":0,"parent":0,"menu_order":0,"comment_status":"closed","ping_status":"closed","template":"","meta":{"_et_pb_use_builder":"on","_et_pb_old_content":"","_et_gb_content_width":"","footnotes":""},"class_list":["post-2507","page","type-page","status-publish","hentry"],"yoast_head":"<!-- This site is optimized with the Yoast SEO plugin v27.3 - https:\/\/yoast.com\/product\/yoast-seo-wordpress\/ -->\n<title>Nos actualit\u00e9s - Inodec EN<\/title>\n<meta name=\"robots\" content=\"noindex, follow\" \/>\n<meta property=\"og:locale\" content=\"en_GB\" \/>\n<meta property=\"og:type\" content=\"article\" \/>\n<meta property=\"og:title\" content=\"Nos actualit\u00e9s - Inodec EN\" \/>\n<meta property=\"og:description\" content=\"Nos actualit\u00e9sConsultez nos\u00a0Conditions G\u00e9n\u00e9rales de Vente @2020&nbsp; &nbsp; Mentions L\u00e9gales Inodec, une soci\u00e9t\u00e9 du groupe EKAIM Technologie\" \/>\n<meta property=\"og:url\" content=\"https:\/\/inodec.fr\/nos-actualites\/\" \/>\n<meta property=\"og:site_name\" content=\"Inodec EN\" \/>\n<meta property=\"article:modified_time\" content=\"2023-04-20T09:57:44+00:00\" \/>\n<meta name=\"twitter:card\" content=\"summary_large_image\" \/>\n<meta name=\"twitter:label1\" content=\"Estimated reading time\" \/>\n\t<meta name=\"twitter:data1\" content=\"1 minute\" \/>\n<script type=\"application\/ld+json\" class=\"yoast-schema-graph\">{\"@context\":\"https:\\\/\\\/schema.org\",\"@graph\":[{\"@type\":\"WebPage\",\"@id\":\"https:\\\/\\\/inodec.fr\\\/en\\\/nos-actualites\\\/\",\"url\":\"https:\\\/\\\/inodec.fr\\\/nos-actualites\\\/\",\"name\":\"Nos actualit\u00e9s - Inodec EN\",\"isPartOf\":{\"@id\":\"https:\\\/\\\/inodec.fr\\\/en\\\/#website\"},\"datePublished\":\"2021-05-19T10:28:18+00:00\",\"dateModified\":\"2023-04-20T09:57:44+00:00\",\"breadcrumb\":{\"@id\":\"https:\\\/\\\/inodec.fr\\\/nos-actualites\\\/#breadcrumb\"},\"inLanguage\":\"en-GB\",\"potentialAction\":[{\"@type\":\"ReadAction\",\"target\":[\"https:\\\/\\\/inodec.fr\\\/nos-actualites\\\/\"]}]},{\"@type\":\"BreadcrumbList\",\"@id\":\"https:\\\/\\\/inodec.fr\\\/nos-actualites\\\/#breadcrumb\",\"itemListElement\":[{\"@type\":\"ListItem\",\"position\":1,\"name\":\"Accueil\",\"item\":\"https:\\\/\\\/inodec.fr\\\/en\\\/\"},{\"@type\":\"ListItem\",\"position\":2,\"name\":\"Nos actualit\u00e9s\"}]},{\"@type\":\"WebSite\",\"@id\":\"https:\\\/\\\/inodec.fr\\\/en\\\/#website\",\"url\":\"https:\\\/\\\/inodec.fr\\\/en\\\/\",\"name\":\"Inodec EN\",\"description\":\"Bar turning specialist\",\"potentialAction\":[{\"@type\":\"SearchAction\",\"target\":{\"@type\":\"EntryPoint\",\"urlTemplate\":\"https:\\\/\\\/inodec.fr\\\/en\\\/?s={search_term_string}\"},\"query-input\":{\"@type\":\"PropertyValueSpecification\",\"valueRequired\":true,\"valueName\":\"search_term_string\"}}],\"inLanguage\":\"en-GB\"}]}<\/script>\n<!-- \/ Yoast SEO plugin. -->","yoast_head_json":{"title":"Nos actualit\u00e9s - Inodec EN","robots":{"index":"noindex","follow":"follow"},"og_locale":"en_GB","og_type":"article","og_title":"Nos actualit\u00e9s - Inodec EN","og_description":"Nos actualit\u00e9sConsultez nos\u00a0Conditions G\u00e9n\u00e9rales de Vente @2020&nbsp; &nbsp; Mentions L\u00e9gales Inodec, une soci\u00e9t\u00e9 du groupe EKAIM Technologie","og_url":"https:\/\/inodec.fr\/nos-actualites\/","og_site_name":"Inodec EN","article_modified_time":"2023-04-20T09:57:44+00:00","twitter_card":"summary_large_image","twitter_misc":{"Estimated reading time":"1 minute"},"schema":{"@context":"https:\/\/schema.org","@graph":[{"@type":"WebPage","@id":"https:\/\/inodec.fr\/en\/nos-actualites\/","url":"https:\/\/inodec.fr\/nos-actualites\/","name":"Nos actualit\u00e9s - Inodec EN","isPartOf":{"@id":"https:\/\/inodec.fr\/en\/#website"},"datePublished":"2021-05-19T10:28:18+00:00","dateModified":"2023-04-20T09:57:44+00:00","breadcrumb":{"@id":"https:\/\/inodec.fr\/nos-actualites\/#breadcrumb"},"inLanguage":"en-GB","potentialAction":[{"@type":"ReadAction","target":["https:\/\/inodec.fr\/nos-actualites\/"]}]},{"@type":"BreadcrumbList","@id":"https:\/\/inodec.fr\/nos-actualites\/#breadcrumb","itemListElement":[{"@type":"ListItem","position":1,"name":"Accueil","item":"https:\/\/inodec.fr\/en\/"},{"@type":"ListItem","position":2,"name":"Nos actualit\u00e9s"}]},{"@type":"WebSite","@id":"https:\/\/inodec.fr\/en\/#website","url":"https:\/\/inodec.fr\/en\/","name":"Inodec EN","description":"Bar turning specialist","potentialAction":[{"@type":"SearchAction","target":{"@type":"EntryPoint","urlTemplate":"https:\/\/inodec.fr\/en\/?s={search_term_string}"},"query-input":{"@type":"PropertyValueSpecification","valueRequired":true,"valueName":"search_term_string"}}],"inLanguage":"en-GB"}]}},"_links":{"self":[{"href":"https:\/\/inodec.fr\/en\/wp-json\/wp\/v2\/pages\/2507","targetHints":{"allow":["GET"]}}],"collection":[{"href":"https:\/\/inodec.fr\/en\/wp-json\/wp\/v2\/pages"}],"about":[{"href":"https:\/\/inodec.fr\/en\/wp-json\/wp\/v2\/types\/page"}],"author":[{"embeddable":true,"href":"https:\/\/inodec.fr\/en\/wp-json\/wp\/v2\/users\/3"}],"replies":[{"embeddable":true,"href":"https:\/\/inodec.fr\/en\/wp-json\/wp\/v2\/comments?post=2507"}],"version-history":[{"count":8,"href":"https:\/\/inodec.fr\/en\/wp-json\/wp\/v2\/pages\/2507\/revisions"}],"predecessor-version":[{"id":3243,"href":"https:\/\/inodec.fr\/en\/wp-json\/wp\/v2\/pages\/2507\/revisions\/3243"}],"wp:attachment":[{"href":"https:\/\/inodec.fr\/en\/wp-json\/wp\/v2\/media?parent=2507"}],"curies":[{"name":"wp","href":"https:\/\/api.w.org\/{rel}","templated":true}]}}