{"id":238,"date":"2019-10-30T16:09:57","date_gmt":"2019-10-30T15:09:57","guid":{"rendered":"http:\/\/inodec.fr\/en\/?page_id=238"},"modified":"2023-04-20T11:57:53","modified_gmt":"2023-04-20T09:57:53","slug":"mentions-legales","status":"publish","type":"page","link":"https:\/\/inodec.fr\/en\/mentions-legales\/","title":{"rendered":"Mentions l\u00e9gales"},"content":{"rendered":"<p>[et_pb_section fb_built=&#8221;1&#8243; _builder_version=&#8221;4.16&#8243; custom_margin=&#8221;-3px|||||&#8221; global_colors_info=&#8221;{}&#8221;][et_pb_row _builder_version=&#8221;4.16&#8243; global_colors_info=&#8221;{}&#8221;][et_pb_column type=&#8221;4_4&#8243; _builder_version=&#8221;4.16&#8243; global_colors_info=&#8221;{}&#8221;][et_pb_text _builder_version=&#8221;4.16&#8243; header_text_color=&#8221;#1c92b8&#8243; header_2_font_size=&#8221;22px&#8221; global_colors_info=&#8221;{}&#8221;]<\/p>\n<h1 class=\"H1-sous-titre\" id=\"u32586-2\" style=\"text-align: center;\">CR\u00c9DITS ET MENTIONS L\u00c9GALES<\/h1>\n<p>&nbsp;<\/p>\n<p>&nbsp;<\/p>\n<h1 class=\"H1-sous-titre\" id=\"u32586-3\" style=\"text-align: center;\"><\/h1>\n<h2 class=\"P-Body-Copy\" id=\"u32586-5\" style=\"text-align: left;\">Cr\u00e9dits photos<\/h2>\n<p class=\"P-Body-Copy\" style=\"text-align: left;\"><span style=\"font-size: 14px;\">\u00a9Thierry Genand \u00a9Istockphotos<\/span><\/p>\n<p class=\"P-Body-Copy\" style=\"text-align: left;\"><span style=\"font-size: 14px;\"><\/span><\/p>\n<h2 class=\"Titre-paragraphes\" id=\"u32586-10\" style=\"text-align: left;\">Responsable \u00e9ditorial<\/h2>\n<p class=\"Titre-paragraphes\" style=\"text-align: left;\">Inodec<\/p>\n<h2 class=\"P-Body-Copy\" id=\"u32586-15\" style=\"text-align: left;\">Conception et r\u00e9alisation<\/h2>\n<p class=\"P-Body-Copy\" style=\"text-align: left;\"><span style=\"font-size: 14px;\">Terra-Nostra<br \/> <\/span><span style=\"font-size: 14px;\">Agence Conseil en Communication<br \/> <\/span><span style=\"font-size: 14px;\">+33 (0)4 50 22 67 22<\/span><\/p>\n<p class=\"P-Body-Copy\" style=\"text-align: left;\"><span style=\"font-size: 14px;\"><\/span><\/p>\n<h2 class=\"P-Body-Copy\" id=\"u32586-24\" style=\"text-align: left;\">H\u00e9bergement<\/h2>\n<p class=\"P-Body-Copy\" style=\"text-align: left;\"><span style=\"font-size: 14px;\">OVH<\/span><\/p>\n<h2 class=\"Titre-paragraphes\" id=\"u32586-39\" style=\"text-align: left;\">Mentions l\u00e9gales<\/h2>\n<p class=\"Texte-normal-center\" id=\"u32586-41\" style=\"text-align: left;\">L&#8217;ensemble de ce site rel\u00e8ve de la l\u00e9gislation fran\u00e7aise et internationale sur le droit d&#8217;auteur et la propri\u00e9t\u00e9 intellectuelle. Tous les droits de reproduction sont r\u00e9serv\u00e9s, y compris les repr\u00e9sentations iconographiques et photographiques. La reproduction de tout ou partie de ce site sur un support quel qu&#8217;il soit, est formellement interdite sauf autorisation expresse du responsable du site.<\/p>\n<p>[\/et_pb_text][et_pb_text _builder_version=&#8221;4.16&#8243; global_colors_info=&#8221;{}&#8221;]<\/p>\n<h2>PROTECTION DES DONNEES PERSONNELLES<\/h2>\n<p>L\u2019internaute peut \u00eatre amen\u00e9 \u00e0 fournir certaines donn\u00e9es personnelles en r\u00e9pondant au formulaire de contact qui lui est propos\u00e9 sur le Site. La saisie de ces donn\u00e9es est n\u00e9cessaire au traitement de la demande de l\u2019internaute, par la soci\u00e9t\u00e9 INODEC.<\/p>\n<p>La soci\u00e9t\u00e9 INODEC s\u2019engage \u00e0 respecter les dispositions de la loi n\u00b078-17 du 6 janvier 1978 relative \u00e0 l\u2019informatique, aux fichiers et aux libert\u00e9s modifi\u00e9es et au R\u00e8glement (UE) 2016\/679 du Parlement europ\u00e9en et du Conseil du 27 avril 2016 dit \u00ab\u00a0<em>RGPD\u00a0<\/em>\u00bb et prendre toute pr\u00e9caution n\u00e9cessaire pour pr\u00e9server la s\u00e9curit\u00e9 des informations nominatives confi\u00e9es.<\/p>\n<h3>Donn\u00e9es personnelles trait\u00e9es et finalit\u00e9s de traitement<\/h3>\n<p>La soci\u00e9t\u00e9 INODEC recueille sur le Site des donn\u00e9es personnelles d\u2019internautes ayant pris contact avec elle notamment via le formulaire de contact en ligne. Ces donn\u00e9es sont n\u00e9cessaires afin de r\u00e9pondre \u00e0 la sollicitation des internautes.\u00a0<\/p>\n<p>La finalit\u00e9 de traitement de ces donn\u00e9es personnelles est de permettre \u00e0 la soci\u00e9t\u00e9 INODEC de r\u00e9pondre aux sollicitations des internautes.<\/p>\n<p>La soci\u00e9t\u00e9 INODEC tient par \u00e9crit un registre de traitements des donn\u00e9es personnelles trait\u00e9es sur le Site.<\/p>\n<h3><\/h3>\n<h3>Destinataires des donn\u00e9es personnelles<\/h3>\n<p>Les donn\u00e9es personnelles collect\u00e9es sur le Site sont trait\u00e9es uniquement par les membres de l\u2019\u00e9quipe de la soci\u00e9t\u00e9 INODEC.<\/p>\n<p>Les donn\u00e9es personnelles sont stock\u00e9es en interne seulement.<\/p>\n<h3><\/h3>\n<h3>Dur\u00e9e de conservation des donn\u00e9es personnelles<\/h3>\n<p>La soci\u00e9t\u00e9 INODEC s\u2019engage \u00e0 conserver ces donn\u00e9es personnelles, sauf obligation l\u00e9gale ou r\u00e9glementaire contraire, pour une dur\u00e9e maximale de trois ans \u00e0 compter du dernier contact avec l\u2019internaute, qu\u2019il soit \u00e0 l\u2019initiative dela soci\u00e9t\u00e9 INODEC ou de l\u2019internaute.<\/p>\n<p>A l\u2019issue de cette dur\u00e9e ou en cas d\u2019exercice de ses droits par les internautes, la soci\u00e9t\u00e9 INODEC s\u2019engage \u00e0 d\u00e9truire toute copie des donn\u00e9es personnelles des internautes qu\u2019il d\u00e9tiendrait.<\/p>\n<h3><\/h3>\n<h3>S\u00e9curit\u00e9 des donn\u00e9es personnelles<\/h3>\n<p>La soci\u00e9t\u00e9 INODEC s\u2019engage, au titre de son obligation de moyens, \u00e0 prendre toutes les pr\u00e9cautions utiles et met en \u0153uvre des mesures techniques et organisationnelles appropri\u00e9es en la mati\u00e8re pour garantir un niveau de s\u00e9curit\u00e9 adapt\u00e9 et pour prot\u00e9ger les donn\u00e9es personnelles des internautes contre les alt\u00e9rations, destructions et acc\u00e8s non autoris\u00e9s.<\/p>\n<h3><\/h3>\n<h3>Droits des internautes sur leurs donn\u00e9es personnelles<\/h3>\n<p>Les internautes ont la possibilit\u00e9 d\u2019exercer leurs droits d\u2019acc\u00e8s, de rectification, d\u2019effacement, d\u2019opposition, de limitation du traitement, de portabilit\u00e9 de leurs donn\u00e9es personnelles, droit de ne pas faire l\u2019objet d\u2019une d\u00e9cision individuelle automatis\u00e9e et droit de r\u00e9vocation de leur consentement, concernant les donn\u00e9es personnelles qu\u2019ils fournissent.<\/p>\n<p>Pour exercer l\u2019un de ces droits, il convient d\u2019adresser sa demande par email \u00e0 l\u2019adresse suivante\u00a0:<span>\u00a0<\/span><em>contact@inodec.fr\/en<\/em><\/p>\n<p>La soci\u00e9t\u00e9 INODEC s\u2019engage \u00e0 y r\u00e9pondre dans les meilleurs d\u00e9lais et au plus tard dans un d\u00e9lai d\u2019un mois \u00e0 compter de la r\u00e9ception de la demande.<\/p>\n<p>Si les internautes consid\u00e8rent que le traitement de leurs donn\u00e9es personnelles constitue une violation de la l\u00e9gislation en vigueur, les internautes ont la possibilit\u00e9 d\u2019introduire une r\u00e9clamation aupr\u00e8s de la CNIL.<\/p>\n<h3><\/h3>\n<h3>Confidentialit\u00e9 des donn\u00e9es personnelles<\/h3>\n<p>La soci\u00e9t\u00e9 INODEC garantit la confidentialit\u00e9 des donn\u00e9es personnelles trait\u00e9es et veille \u00e0 ce que les personnes autoris\u00e9es \u00e0 traiter lesdites donn\u00e9es personnelles s\u2019engagent \u00e9galement \u00e0 respecter cette obligation de confidentialit\u00e9.<\/p>\n<h2><\/h2>\n<h2><\/h2>\n<h2>COOKIES<\/h2>\n<p>La navigation sur le Site est susceptible d\u2019entrainer l\u2019installation de cookies sur l\u2019ordinateur de l\u2019utilisateur.<\/p>\n<p>Les donn\u00e9es obtenues par le biais de ces cookies visent \u00e0 faciliter la navigation ult\u00e9rieure sur le Site et ont vocation \u00e0 permettre diverses mesures de fr\u00e9quentation sur le Site.<\/p>\n<p>L\u2019utilisateur du Site a la possibilit\u00e9 de d\u00e9sactiver les cookies en se rendant dans les options de son navigateur comme indiqu\u00e9 ci-dessous\u00a0:<\/p>\n<ul>\n<li><a href=\"https:\/\/support.google.com\/chrome\/answer\/95647?hl=fr\">Google Chrome<\/a><\/li>\n<li><a href=\"https:\/\/support.mozilla.org\/fr\/kb\/activer-desactiver-cookies-preferences?redirectlocale=fr&amp;redirectslug=activer-desactiver-cookies\">Modzilla Firefox<\/a><\/li>\n<li><a href=\"https:\/\/support.apple.com\/kb\/PH17191?viewlocale=fr_FR&amp;locale=en_US\">Safari<\/a><\/li>\n<li><a href=\"http:\/\/help.opera.com\/Windows\/10.20\/fr\/cookies.html\">Opera<\/a><\/li>\n<li><a href=\"https:\/\/support.microsoft.com\/fr-fr\/help\/17442\/windows-internet-explorer-delete-manage-cookies#ie=ie-11\">Internet Explorer<\/a><\/li>\n<li><a href=\"https:\/\/privacy.microsoft.com\/fr-fr\/windows-10-microsoft-edge-and-privacy\">Edge<\/a><\/li>\n<\/ul>\n<h2><\/h2>\n<h2><\/h2>\n<h2>GOOGLE ANALYTICS\u00a0<\/h2>\n<p>La soci\u00e9t\u00e9 INODEC utilise Google Analytics pour suivre les internautes sur ce Site.<\/p>\n<p>Des cookies sont utilis\u00e9s par Google Analytics pour collecter ces donn\u00e9es.<\/p>\n<p>Afin de se conformer \u00e0 la nouvelle r\u00e9glementation, Google ont inclus une modification au traitement des donn\u00e9es que les internautes peuvent consulter\u00a0sur la page suivante :<\/p>\n<ul>\n<li><a href=\"https:\/\/www.google.com\/analytics\/terms\/dpa\/dataprocessingamendment_20130906.html\">Google Analytics<\/a><\/li>\n<\/ul>\n<p>La soci\u00e9t\u00e9 INODEC s\u2019engage \u00e0 traiter anonymement les donn\u00e9es collect\u00e9es et \u00e0 d\u00e9sactiver le &#8220;<em>partage de donn\u00e9es&#8221;<\/em>\u00a0.<\/p>\n<p>[\/et_pb_text][\/et_pb_column][\/et_pb_row][\/et_pb_section][et_pb_section fb_built=&#8221;1&#8243; _builder_version=&#8221;4.0.1&#8243; background_enable_color=&#8221;off&#8221; background_image=&#8221;https:\/\/inodec.fr\/en\/wp-content\/uploads\/sites\/2\/2019\/10\/pied-de-page2.png&#8221; custom_margin=&#8221;||||false|false&#8221; custom_padding=&#8221;62px||0px||false|false&#8221; global_module=&#8221;84&#8243; saved_tabs=&#8221;all&#8221; global_colors_info=&#8221;{}&#8221;][et_pb_row column_structure=&#8221;1_2,1_2&#8243; _builder_version=&#8221;4.16&#8243; custom_margin=&#8221;|auto|0px|auto||&#8221; global_module=&#8221;3057&#8243; global_colors_info=&#8221;{}&#8221;][et_pb_column type=&#8221;1_2&#8243; _builder_version=&#8221;4.16&#8243; global_colors_info=&#8221;{}&#8221;][et_pb_code _builder_version=&#8221;4.19.0&#8243; vertical_offset_tablet=&#8221;0&#8243; horizontal_offset_tablet=&#8221;0&#8243; text_orientation=&#8221;center&#8221; z_index_tablet=&#8221;0&#8243; box_shadow_horizontal_tablet=&#8221;0px&#8221; box_shadow_vertical_tablet=&#8221;0px&#8221; box_shadow_blur_tablet=&#8221;40px&#8221; box_shadow_spread_tablet=&#8221;0px&#8221; global_colors_info=&#8221;{}&#8221;]<\/p>\n<div class=\"et_pb_button_module_wrapper et_pb_button_1_wrapper et_pb_button_alignment_center et_pb_module \"><!-- [et_pb_line_break_holder] -->\t\t\t\t<a class=\"et_pb_button et_pb_button_1 et_pb_bg_layout_dark\" href=\"mailto:contact@inodec.fr\" onclick=\"_paq.push(['trackLink', 'https:\/\/inodec.fr\/en\/envoi-email', 'link']);\">contact@inodec.fr<\/a><!-- [et_pb_line_break_holder] -->\t\t\t<\/div>\n<p>[\/et_pb_code][et_pb_text _builder_version=&#8221;4.19.0&#8243; global_colors_info=&#8221;{}&#8221;]<\/p>\n<p style=\"text-align: center;\"><span style=\"color: #ffffff;\">Check out our&nbsp;<span style=\"text-decoration: underline;\"><a style=\"color: #ffffff; text-decoration: underline;\" href=\"https:\/\/inodec.fr\/en\/wp-content\/uploads\/sites\/2\/2020\/10\/CGV-EKAIM-V.-INODEC-2020.pdf\" target=\"_blank\" rel=\"noopener noreferrer\">Sales conditions<\/a><\/span><\/span><\/p>\n<p>[\/et_pb_text][et_pb_text _builder_version=&#8221;4.19.0&#8243; text_orientation=&#8221;center&#8221; background_layout=&#8221;dark&#8221; link_option_url=&#8221;https:\/\/inodec.fr\/en\/mentions-legales\/&#8221; global_colors_info=&#8221;{}&#8221;]<\/p>\n<p>@2020&nbsp; &nbsp; Legal notice<\/p>\n<p>[\/et_pb_text][\/et_pb_column][et_pb_column type=&#8221;1_2&#8243; _builder_version=&#8221;4.16&#8243; global_colors_info=&#8221;{}&#8221;][et_pb_image src=&#8221;https:\/\/inodec.fr\/en\/wp-content\/uploads\/sites\/2\/2020\/02\/ekaim_logo-blanc.png&#8221; _builder_version=&#8221;4.19.0&#8243; width=&#8221;39%&#8221; module_alignment=&#8221;center&#8221; global_colors_info=&#8221;{}&#8221;][\/et_pb_image][et_pb_text _builder_version=&#8221;4.19.0&#8243; global_colors_info=&#8221;{}&#8221;]<\/p>\n<h6 style=\"text-align: center;\"><span style=\"color: #ffffff;\">Inodec, member of the <a href=\"http:\/\/www.ekaim.fr\" target=\"_blank\" rel=\"noopener noreferrer\"><strong>EKAIM Technologie<\/strong><\/a> group<\/span><\/h6>\n<p>[\/et_pb_text][\/et_pb_column][\/et_pb_row][\/et_pb_section]<\/p>\n","protected":false},"excerpt":{"rendered":"<p>CR\u00c9DITS ET MENTIONS L\u00c9GALES &nbsp; &nbsp; Cr\u00e9dits photos \u00a9Thierry Genand \u00a9Istockphotos Responsable \u00e9ditorial Inodec Conception et r\u00e9alisation Terra-Nostra Agence Conseil en Communication +33 (0)4 50 22 67 22 H\u00e9bergement OVH Mentions l\u00e9gales L&#8217;ensemble de ce site rel\u00e8ve de la l\u00e9gislation fran\u00e7aise et internationale sur le droit d&#8217;auteur et la propri\u00e9t\u00e9 intellectuelle. Tous les droits de [&hellip;]<\/p>\n","protected":false},"author":1,"featured_media":0,"parent":0,"menu_order":0,"comment_status":"closed","ping_status":"closed","template":"","meta":{"_et_pb_use_builder":"on","_et_pb_old_content":"","_et_gb_content_width":"","footnotes":""},"class_list":["post-238","page","type-page","status-publish","hentry"],"yoast_head":"<!-- This site is optimized with the Yoast SEO plugin v27.3 - https:\/\/yoast.com\/product\/yoast-seo-wordpress\/ -->\n<title>Mentions l\u00e9gales Inodec, d\u00e9colletage de pr\u00e9cision<\/title>\n<meta name=\"description\" content=\"Consulter les mentions l\u00e9gales de la soci\u00e9t\u00e9 INODEC, entreprise sp\u00e9cialis\u00e9e dans le d\u00e9colletage de pi\u00e8ces industrielles tous secteurs.\" \/>\n<meta name=\"robots\" content=\"noindex, follow\" \/>\n<meta property=\"og:locale\" content=\"en_GB\" \/>\n<meta property=\"og:type\" content=\"article\" \/>\n<meta property=\"og:title\" content=\"Mentions l\u00e9gales Inodec, d\u00e9colletage de pr\u00e9cision\" \/>\n<meta property=\"og:description\" content=\"Consulter les mentions l\u00e9gales de la soci\u00e9t\u00e9 INODEC, entreprise sp\u00e9cialis\u00e9e dans le d\u00e9colletage de pi\u00e8ces industrielles tous secteurs.\" \/>\n<meta property=\"og:url\" content=\"https:\/\/inodec.fr\/mentions-legales\/\" \/>\n<meta property=\"og:site_name\" content=\"Inodec EN\" \/>\n<meta property=\"article:modified_time\" content=\"2023-04-20T09:57:53+00:00\" \/>\n<meta name=\"twitter:card\" content=\"summary_large_image\" \/>\n<meta name=\"twitter:label1\" content=\"Estimated reading time\" \/>\n\t<meta name=\"twitter:data1\" content=\"4 minutes\" \/>\n<script type=\"application\/ld+json\" class=\"yoast-schema-graph\">{\"@context\":\"https:\\\/\\\/schema.org\",\"@graph\":[{\"@type\":\"WebPage\",\"@id\":\"https:\\\/\\\/inodec.fr\\\/en\\\/mentions-legales\\\/\",\"url\":\"https:\\\/\\\/inodec.fr\\\/mentions-legales\\\/\",\"name\":\"Mentions l\u00e9gales Inodec, d\u00e9colletage de pr\u00e9cision\",\"isPartOf\":{\"@id\":\"https:\\\/\\\/inodec.fr\\\/en\\\/#website\"},\"datePublished\":\"2019-10-30T15:09:57+00:00\",\"dateModified\":\"2023-04-20T09:57:53+00:00\",\"description\":\"Consulter les mentions l\u00e9gales de la soci\u00e9t\u00e9 INODEC, entreprise sp\u00e9cialis\u00e9e dans le d\u00e9colletage de pi\u00e8ces industrielles tous secteurs.\",\"breadcrumb\":{\"@id\":\"https:\\\/\\\/inodec.fr\\\/mentions-legales\\\/#breadcrumb\"},\"inLanguage\":\"en-GB\",\"potentialAction\":[{\"@type\":\"ReadAction\",\"target\":[\"https:\\\/\\\/inodec.fr\\\/mentions-legales\\\/\"]}]},{\"@type\":\"BreadcrumbList\",\"@id\":\"https:\\\/\\\/inodec.fr\\\/mentions-legales\\\/#breadcrumb\",\"itemListElement\":[{\"@type\":\"ListItem\",\"position\":1,\"name\":\"Accueil\",\"item\":\"https:\\\/\\\/inodec.fr\\\/en\\\/\"},{\"@type\":\"ListItem\",\"position\":2,\"name\":\"Mentions l\u00e9gales\"}]},{\"@type\":\"WebSite\",\"@id\":\"https:\\\/\\\/inodec.fr\\\/en\\\/#website\",\"url\":\"https:\\\/\\\/inodec.fr\\\/en\\\/\",\"name\":\"Inodec EN\",\"description\":\"Bar turning specialist\",\"potentialAction\":[{\"@type\":\"SearchAction\",\"target\":{\"@type\":\"EntryPoint\",\"urlTemplate\":\"https:\\\/\\\/inodec.fr\\\/en\\\/?s={search_term_string}\"},\"query-input\":{\"@type\":\"PropertyValueSpecification\",\"valueRequired\":true,\"valueName\":\"search_term_string\"}}],\"inLanguage\":\"en-GB\"}]}<\/script>\n<!-- \/ Yoast SEO plugin. -->","yoast_head_json":{"title":"Mentions l\u00e9gales Inodec, d\u00e9colletage de pr\u00e9cision","description":"Consulter les mentions l\u00e9gales de la soci\u00e9t\u00e9 INODEC, entreprise sp\u00e9cialis\u00e9e dans le d\u00e9colletage de pi\u00e8ces industrielles tous secteurs.","robots":{"index":"noindex","follow":"follow"},"og_locale":"en_GB","og_type":"article","og_title":"Mentions l\u00e9gales Inodec, d\u00e9colletage de pr\u00e9cision","og_description":"Consulter les mentions l\u00e9gales de la soci\u00e9t\u00e9 INODEC, entreprise sp\u00e9cialis\u00e9e dans le d\u00e9colletage de pi\u00e8ces industrielles tous secteurs.","og_url":"https:\/\/inodec.fr\/mentions-legales\/","og_site_name":"Inodec EN","article_modified_time":"2023-04-20T09:57:53+00:00","twitter_card":"summary_large_image","twitter_misc":{"Estimated reading time":"4 minutes"},"schema":{"@context":"https:\/\/schema.org","@graph":[{"@type":"WebPage","@id":"https:\/\/inodec.fr\/en\/mentions-legales\/","url":"https:\/\/inodec.fr\/mentions-legales\/","name":"Mentions l\u00e9gales Inodec, d\u00e9colletage de pr\u00e9cision","isPartOf":{"@id":"https:\/\/inodec.fr\/en\/#website"},"datePublished":"2019-10-30T15:09:57+00:00","dateModified":"2023-04-20T09:57:53+00:00","description":"Consulter les mentions l\u00e9gales de la soci\u00e9t\u00e9 INODEC, entreprise sp\u00e9cialis\u00e9e dans le d\u00e9colletage de pi\u00e8ces industrielles tous secteurs.","breadcrumb":{"@id":"https:\/\/inodec.fr\/mentions-legales\/#breadcrumb"},"inLanguage":"en-GB","potentialAction":[{"@type":"ReadAction","target":["https:\/\/inodec.fr\/mentions-legales\/"]}]},{"@type":"BreadcrumbList","@id":"https:\/\/inodec.fr\/mentions-legales\/#breadcrumb","itemListElement":[{"@type":"ListItem","position":1,"name":"Accueil","item":"https:\/\/inodec.fr\/en\/"},{"@type":"ListItem","position":2,"name":"Mentions l\u00e9gales"}]},{"@type":"WebSite","@id":"https:\/\/inodec.fr\/en\/#website","url":"https:\/\/inodec.fr\/en\/","name":"Inodec EN","description":"Bar turning specialist","potentialAction":[{"@type":"SearchAction","target":{"@type":"EntryPoint","urlTemplate":"https:\/\/inodec.fr\/en\/?s={search_term_string}"},"query-input":{"@type":"PropertyValueSpecification","valueRequired":true,"valueName":"search_term_string"}}],"inLanguage":"en-GB"}]}},"_links":{"self":[{"href":"https:\/\/inodec.fr\/en\/wp-json\/wp\/v2\/pages\/238","targetHints":{"allow":["GET"]}}],"collection":[{"href":"https:\/\/inodec.fr\/en\/wp-json\/wp\/v2\/pages"}],"about":[{"href":"https:\/\/inodec.fr\/en\/wp-json\/wp\/v2\/types\/page"}],"author":[{"embeddable":true,"href":"https:\/\/inodec.fr\/en\/wp-json\/wp\/v2\/users\/1"}],"replies":[{"embeddable":true,"href":"https:\/\/inodec.fr\/en\/wp-json\/wp\/v2\/comments?post=238"}],"version-history":[{"count":11,"href":"https:\/\/inodec.fr\/en\/wp-json\/wp\/v2\/pages\/238\/revisions"}],"predecessor-version":[{"id":3241,"href":"https:\/\/inodec.fr\/en\/wp-json\/wp\/v2\/pages\/238\/revisions\/3241"}],"wp:attachment":[{"href":"https:\/\/inodec.fr\/en\/wp-json\/wp\/v2\/media?parent=238"}],"curies":[{"name":"wp","href":"https:\/\/api.w.org\/{rel}","templated":true}]}}