{"id":1023,"date":"2020-06-18T10:05:46","date_gmt":"2020-06-18T08:05:46","guid":{"rendered":"https:\/\/inodec.fr\/en\/?page_id=1023"},"modified":"2025-01-29T15:01:56","modified_gmt":"2025-01-29T14:01:56","slug":"agricultural-turned-part-manufacturer","status":"publish","type":"page","link":"https:\/\/inodec.fr\/en\/agricultural-turned-part-manufacturer\/","title":{"rendered":"Precision engineering of agricultural parts"},"content":{"rendered":"<p>[et_pb_section fb_built=&#8221;1&#8243; _builder_version=&#8221;4.16&#8243; global_colors_info=&#8221;{}&#8221;][et_pb_row column_structure=&#8221;1_2,1_2&#8243; _builder_version=&#8221;4.16&#8243; global_colors_info=&#8221;{}&#8221;][et_pb_column type=&#8221;1_2&#8243; _builder_version=&#8221;4.16&#8243; global_colors_info=&#8221;{}&#8221;][et_pb_text _builder_version=&#8221;4.19.0&#8243; text_font=&#8221;Nasalization||||||||&#8221; text_text_color=&#8221;#1c92b8&#8243; text_font_size=&#8221;30px&#8221; global_colors_info=&#8221;{}&#8221;]<\/p>\n<h1><strong>Precision engineering of agricultural parts<\/strong><\/h1>\n<p>[\/et_pb_text][et_pb_text _builder_version=&#8221;4.19.0&#8243; text_font_size=&#8221;20px&#8221; global_colors_info=&#8221;{}&#8221;]<\/p>\n<p>INODEC has been active in the agricultural sector for many years, thanks to our high-performance machinery and knowledge of the constraints within the agricultural sector.<\/p>\n<p>[\/et_pb_text][\/et_pb_column][et_pb_column type=&#8221;1_2&#8243; _builder_version=&#8221;4.16&#8243; global_colors_info=&#8221;{}&#8221;][et_pb_image src=&#8221;https:\/\/inodec.fr\/en\/wp-content\/uploads\/sites\/2\/2020\/07\/part-machining-agricultural-sector-.jpg&#8221; alt=&#8221;Part machining agriculture sector&#8221; title_text=&#8221;piece-de-decolletage-secteur-agricole&#8221; align=&#8221;center&#8221; _builder_version=&#8221;4.19.0&#8243; width=&#8221;44%&#8221; max_width=&#8221;68%&#8221; custom_margin=&#8221;|||142px||&#8221; global_colors_info=&#8221;{}&#8221;]<br \/>\n[\/et_pb_image][\/et_pb_column][\/et_pb_row][\/et_pb_section][et_pb_section fb_built=&#8221;1&#8243; _builder_version=&#8221;4.16&#8243; background_color=&#8221;#ede8e1&#8243; background_image=&#8221;https:\/\/inodec.fr\/en\/wp-content\/uploads\/sites\/2\/2020\/06\/inodec-secteur-agricole-usinage.jpg&#8221; parallax=&#8221;on&#8221; parallax_method=&#8221;off&#8221; global_colors_info=&#8221;{}&#8221;][et_pb_row column_structure=&#8221;1_3,1_3,1_3&#8243; _builder_version=&#8221;4.16&#8243; global_colors_info=&#8221;{}&#8221;][et_pb_column type=&#8221;1_3&#8243; _builder_version=&#8221;4.16&#8243; global_colors_info=&#8221;{}&#8221;][et_pb_image src=&#8221;https:\/\/inodec.fr\/en\/wp-content\/uploads\/sites\/2\/2021\/02\/inodec-capacite-usinage-blanc.png&#8221; align=&#8221;center&#8221; _builder_version=&#8221;4.16&#8243; global_colors_info=&#8221;{}&#8221;]<br \/>\n[\/et_pb_image][et_pb_text _builder_version=&#8221;4.21.0&#8243; text_text_color=&#8221;#ffffff&#8221; hover_enabled=&#8221;0&#8243; global_colors_info=&#8221;{}&#8221; sticky_enabled=&#8221;0&#8243;]<\/p>\n<p style=\"text-align: center;\"><strong>\u00d820mm to \u00d880mm<\/strong> in bars<\/p>\n<p style=\"text-align: center;\"><strong>\u00d880mm to \u00d8200mm<\/strong> in billets<\/p>\n<p>[\/et_pb_text][\/et_pb_column][et_pb_column type=&#8221;1_3&#8243; _builder_version=&#8221;4.16&#8243; global_colors_info=&#8221;{}&#8221;][et_pb_image src=&#8221;https:\/\/inodec.fr\/en\/wp-content\/uploads\/sites\/2\/2021\/02\/inodec-serie-pieces-decolletage-blanc.png&#8221; align=&#8221;center&#8221; _builder_version=&#8221;4.16&#8243; global_colors_info=&#8221;{}&#8221;]<br \/>\n[\/et_pb_image][et_pb_text _builder_version=&#8221;4.19.0&#8243; text_text_color=&#8221;#ffffff&#8221; global_colors_info=&#8221;{}&#8221;]<\/p>\n<p style=\"text-align: center;\"><b>500 to 20 000 parts and more<\/b><\/p>\n<p>[\/et_pb_text][\/et_pb_column][et_pb_column type=&#8221;1_3&#8243; _builder_version=&#8221;4.16&#8243; global_colors_info=&#8221;{}&#8221;][et_pb_image src=&#8221;https:\/\/inodec.fr\/en\/wp-content\/uploads\/sites\/2\/2021\/02\/inodec-matiere-usinee-blanc.png&#8221; align=&#8221;center&#8221; _builder_version=&#8221;4.16&#8243; global_colors_info=&#8221;{}&#8221;]<br \/>\n[\/et_pb_image][et_pb_text _builder_version=&#8221;4.19.0&#8243; text_text_color=&#8221;#ffffff&#8221; global_colors_info=&#8221;{}&#8221;]<\/p>\n<p style=\"text-align: center;\"><strong>Steel, stainless steel, brass,&#8230;<\/strong><\/p>\n<p>[\/et_pb_text][\/et_pb_column][\/et_pb_row][\/et_pb_section][et_pb_section fb_built=&#8221;1&#8243; _builder_version=&#8221;4.16&#8243; global_colors_info=&#8221;{}&#8221;][et_pb_row column_structure=&#8221;1_2,1_2&#8243; _builder_version=&#8221;4.16&#8243; global_colors_info=&#8221;{}&#8221;][et_pb_column type=&#8221;1_2&#8243; _builder_version=&#8221;4.16&#8243; global_colors_info=&#8221;{}&#8221;][et_pb_text _builder_version=&#8221;4.19.0&#8243; text_font=&#8221;Nasalization||||||||&#8221; global_colors_info=&#8221;{}&#8221;]<\/p>\n<h2><strong>Machined parts for the agricultural sector<\/strong><\/h2>\n<p>[\/et_pb_text][et_pb_text _builder_version=&#8221;4.21.0&#8243; hover_enabled=&#8221;0&#8243; global_colors_info=&#8221;{}&#8221; sticky_enabled=&#8221;0&#8243;]<\/p>\n<p>Our company produces parts for the <strong class=\"d2b\">agricultural sector<\/strong> ranging from <strong>\u00d820 to \u00d880mm in bars<\/strong> and from <strong>\u00d880 to \u00d8200mm in billets<\/strong>, we can machine billets up to \u00d8400mm.<\/p>\n<p>Our in-house production capacity allows us to machine medium and large batch volumes ranging from <strong>500 to 20,000 pieces<\/strong> and more.<\/p>\n<p>[\/et_pb_text][et_pb_text _builder_version=&#8221;4.19.0&#8243; text_font=&#8221;Nasalization||||||||&#8221; global_colors_info=&#8221;{}&#8221;]<\/p>\n<h2><strong>Machined materials for the agricultural sector<\/strong><\/h2>\n<p>[\/et_pb_text][et_pb_text _builder_version=&#8221;4.19.0&#8243; global_colors_info=&#8221;{}&#8221;]<\/p>\n<p>We machine all types of material to meet your screw-cutting needs:<\/p>\n<ul>\n<li><strong>Structural steels<\/strong>\n<ul>\n<li>S235JRC (1.0122 \/ A37 \/ E24 \/ ST37)<\/li>\n<li>S355J2C (1.0579 \/ E36 \/ ST52)<\/li>\n<li>C45 (1.0503 \/ XC48 \/ C45) \u2026<\/li>\n<\/ul>\n<\/li>\n<li><strong>Steels for hardening and tempering<\/strong>\n<ul>\n<li>C35R (1.1180 \/ XC38 \/ C35)<\/li>\n<li>42CrMoS4 (1.7227\/42CD4\/42CrMoS4) \u2026<\/li>\n<\/ul>\n<\/li>\n<li><strong>Carburizing steels<\/strong>\n<ul>\n<li>16MnCrS5 (1.7139 \/ 16MC5 \/16MnCr5)<\/li>\n<li>20MnCrS5 (1.7149 \/ 20MC5 \/ 20MnCr5) \u2026<\/li>\n<\/ul>\n<\/li>\n<li><strong>Free cutting steels for hardening<\/strong>\n<ul>\n<li>36SMn14 (1.0764 \/ 35MF6 \/ 35S20<\/li>\n<li>44SMn28 (1.0762 \/ 45MF6.3 \/ 45S20) \u2026<\/li>\n<\/ul>\n<\/li>\n<li><strong>Pre-treated steel<\/strong><\/li>\n<li><strong>Alloyed steels<\/strong><\/li>\n<li><strong>Austenitic stainless steel<\/strong>\n<ul>\n<li>X8CrNiS18-9 (1.4305 \/ Z8CNF18-09 \/ 303)<\/li>\n<li>X2CrNi18-9 (1.4307 \/ Z2CN18-10 \/ 304L)<\/li>\n<li>X2CrNiMo17-12-2 (1.4404 \/ Z3CND17-11-02 \/ 316L) \u2026<\/li>\n<\/ul>\n<\/li>\n<li><strong>Ferritic stainless steel<\/strong>\n<ul>\n<li>X8Cr17 (1.4016 \/ Z8C17 \/ 430) \u2026<\/li>\n<\/ul>\n<\/li>\n<li><strong>Non-ferrous: brass, copper<\/strong>\n<ul>\n<li>CuZn36Pb3 \/ CW603N<\/li>\n<li>CuZn39PB2 \/ CW612N<\/li>\n<li>CuZn39PB3 \/ CW614N<\/li>\n<li>CuZn37Mn3Al2PbSi \/ CW713R<\/li>\n<li>CuBe2\u2026<\/li>\n<\/ul>\n<\/li>\n<\/ul>\n<p>[\/et_pb_text][\/et_pb_column][et_pb_column type=&#8221;1_2&#8243; _builder_version=&#8221;4.16&#8243; global_colors_info=&#8221;{}&#8221;][\/et_pb_column][\/et_pb_row][et_pb_row _builder_version=&#8221;4.16&#8243; global_colors_info=&#8221;{}&#8221;][et_pb_column type=&#8221;4_4&#8243; _builder_version=&#8221;4.16&#8243; global_colors_info=&#8221;{}&#8221;][et_pb_text _builder_version=&#8221;4.19.0&#8243; text_font=&#8221;Nasalization||||||||&#8221; global_colors_info=&#8221;{}&#8221;]<\/p>\n<h2><strong>Our specific services for the agricultural sector <\/strong><\/h2>\n<p>[\/et_pb_text][et_pb_text _builder_version=&#8221;4.19.0&#8243; global_colors_info=&#8221;{}&#8221;]<\/p>\n<p>We can provide a number of specific services in-house for the <strong class=\"d2b\">machining of agricultural parts<\/strong>. Our equipment and expertise enable us to offer you hard <strong>turning services<\/strong> and also in-house <strong>trimming<\/strong>.<\/p>\n<p>[\/et_pb_text][et_pb_text _builder_version=&#8221;4.19.0&#8243; text_font=&#8221;Nasalization||||||||&#8221; global_colors_info=&#8221;{}&#8221;]<\/p>\n<h2><strong>Additional services for your agricultural machining projects<\/strong><\/h2>\n<p>[\/et_pb_text][et_pb_text _builder_version=&#8221;4.19.0&#8243; global_colors_info=&#8221;{}&#8221;]<\/p>\n<p>Thanks to our location in the heart of the Arve Valley, we have selected and accredited a network of local subcontractors with whom we have been working for many years. We can offer you finishing services such as:<\/p>\n<ul>\n<li>Tribofinishing<\/li>\n<li>Deburring<\/li>\n<li>Grinding<\/li>\n<li>Trimming<\/li>\n<li>Broaching<\/li>\n<\/ul>\n<p>We also provide heat and <strong>surface treatment<\/strong>s according to your specifications.<br \/>Your parts can also be packaged, and kit packing is possible upon request.<\/p>\n<p>[\/et_pb_text][et_pb_code _builder_version=&#8221;4.19.0&#8243; vertical_offset_tablet=&#8221;0&#8243; horizontal_offset_tablet=&#8221;0&#8243; z_index_tablet=&#8221;0&#8243; box_shadow_horizontal_tablet=&#8221;0px&#8221; box_shadow_vertical_tablet=&#8221;0px&#8221; box_shadow_blur_tablet=&#8221;40px&#8221; box_shadow_spread_tablet=&#8221;0px&#8221; global_colors_info=&#8221;{}&#8221;]<\/p>\n<div class=\"et_pb_button_module_wrapper et_pb_button_0_wrapper et_pb_button_alignment_center et_pb_module \"><!-- [et_pb_line_break_holder] -->\t\t\t\t<a class=\"et_pb_button et_pb_custom_button_icon et_pb_button_0 et_pb_bg_layout_light\" href=\"https:\/\/inodec.fr\/en\/contact\/\"  onclick=\"_paq.push(['trackLink', 'https:\/\/inodec.fr\/en\/envoi-email', 'link']);\" data-icon=\"\ue010\">Contact us <\/a><!-- [et_pb_line_break_holder] -->\t\t\t<\/div>\n<p>[\/et_pb_code][\/et_pb_column][\/et_pb_row][\/et_pb_section][et_pb_section fb_built=&#8221;1&#8243; _builder_version=&#8221;4.16&#8243; background_enable_color=&#8221;off&#8221; background_image=&#8221;https:\/\/inodec.fr\/en\/wp-content\/uploads\/sites\/2\/2019\/10\/pied-de-page2.png&#8221; custom_margin=&#8221;||||false|false&#8221; custom_padding=&#8221;||0px||false|false&#8221; saved_tabs=&#8221;all&#8221; global_colors_info=&#8221;{}&#8221;][et_pb_row column_structure=&#8221;1_2,1_2&#8243; _builder_version=&#8221;4.16&#8243; custom_margin=&#8221;|auto|0px|auto||&#8221; global_module=&#8221;3057&#8243; global_colors_info=&#8221;{}&#8221;][et_pb_column type=&#8221;1_2&#8243; _builder_version=&#8221;4.16&#8243; global_colors_info=&#8221;{}&#8221;][et_pb_code _builder_version=&#8221;4.19.0&#8243; vertical_offset_tablet=&#8221;0&#8243; horizontal_offset_tablet=&#8221;0&#8243; text_orientation=&#8221;center&#8221; z_index_tablet=&#8221;0&#8243; box_shadow_horizontal_tablet=&#8221;0px&#8221; box_shadow_vertical_tablet=&#8221;0px&#8221; box_shadow_blur_tablet=&#8221;40px&#8221; box_shadow_spread_tablet=&#8221;0px&#8221; global_colors_info=&#8221;{}&#8221;]<\/p>\n<div class=\"et_pb_button_module_wrapper et_pb_button_1_wrapper et_pb_button_alignment_center et_pb_module \"><!-- [et_pb_line_break_holder] -->\t\t\t\t<a class=\"et_pb_button et_pb_button_1 et_pb_bg_layout_dark\" href=\"mailto:contact@inodec.fr\" onclick=\"_paq.push(['trackLink', 'https:\/\/inodec.fr\/en\/envoi-email', 'link']);\">contact@inodec.fr<\/a><!-- [et_pb_line_break_holder] -->\t\t\t<\/div>\n<p>[\/et_pb_code][et_pb_text _builder_version=&#8221;4.19.0&#8243; global_colors_info=&#8221;{}&#8221;]<\/p>\n<p style=\"text-align: center;\"><span style=\"color: #ffffff;\">Check out our&nbsp;<span style=\"text-decoration: underline;\"><a style=\"color: #ffffff; text-decoration: underline;\" href=\"https:\/\/inodec.fr\/en\/wp-content\/uploads\/sites\/2\/2020\/10\/CGV-EKAIM-V.-INODEC-2020.pdf\" target=\"_blank\" rel=\"noopener noreferrer\">Sales conditions<\/a><\/span><\/span><\/p>\n<p>[\/et_pb_text][et_pb_text _builder_version=&#8221;4.19.0&#8243; text_orientation=&#8221;center&#8221; background_layout=&#8221;dark&#8221; link_option_url=&#8221;https:\/\/inodec.fr\/en\/mentions-legales\/&#8221; global_colors_info=&#8221;{}&#8221;]<\/p>\n<p>@2020&nbsp; &nbsp; Legal notice<\/p>\n<p>[\/et_pb_text][\/et_pb_column][et_pb_column type=&#8221;1_2&#8243; _builder_version=&#8221;4.16&#8243; global_colors_info=&#8221;{}&#8221;][et_pb_image src=&#8221;https:\/\/inodec.fr\/en\/wp-content\/uploads\/sites\/2\/2020\/02\/ekaim_logo-blanc.png&#8221; _builder_version=&#8221;4.19.0&#8243; width=&#8221;39%&#8221; module_alignment=&#8221;center&#8221; global_colors_info=&#8221;{}&#8221;][\/et_pb_image][et_pb_text _builder_version=&#8221;4.19.0&#8243; global_colors_info=&#8221;{}&#8221;]<\/p>\n<h6 style=\"text-align: center;\"><span style=\"color: #ffffff;\">Inodec, member of the <a href=\"http:\/\/www.ekaim.fr\" target=\"_blank\" rel=\"noopener noreferrer\"><strong>EKAIM Technologie<\/strong><\/a> group<\/span><\/h6>\n<p>[\/et_pb_text][\/et_pb_column][\/et_pb_row][\/et_pb_section]<\/p>\n","protected":false},"excerpt":{"rendered":"<p>Precision engineering of agricultural partsINODEC has been active in the agricultural sector for many years, thanks to our high-performance machinery and knowledge of the constraints within the agricultural sector. \u00d820mm to \u00d880mm in bars \u00d880mm to \u00d8200mm in billets 500 to 20 000 parts and more Steel, stainless steel, brass,&#8230;Machined parts for the agricultural sectorOur [&hellip;]<\/p>\n","protected":false},"author":3,"featured_media":0,"parent":0,"menu_order":0,"comment_status":"closed","ping_status":"closed","template":"","meta":{"_et_pb_use_builder":"on","_et_pb_old_content":"","_et_gb_content_width":"","footnotes":""},"class_list":["post-1023","page","type-page","status-publish","hentry"],"yoast_head":"<!-- This site is optimized with the Yoast SEO plugin v27.3 - https:\/\/yoast.com\/product\/yoast-seo-wordpress\/ -->\n<title>Turning of parts in the agricultural sector, machining of agricultural parts<\/title>\n<meta name=\"description\" content=\"Inodec manufactures machined parts in small, medium and large series for the agricultural sector. Contact us for a quote!\" \/>\n<meta name=\"robots\" content=\"index, follow, max-snippet:-1, max-image-preview:large, max-video-preview:-1\" \/>\n<link rel=\"canonical\" href=\"https:\/\/inodec.fr\/en\/agricultural-turned-part-manufacturer\/\" \/>\n<meta property=\"og:locale\" content=\"en_GB\" \/>\n<meta property=\"og:type\" content=\"article\" \/>\n<meta property=\"og:title\" content=\"Turning of parts in the agricultural sector, machining of agricultural parts\" \/>\n<meta property=\"og:description\" content=\"Inodec manufactures machined parts in small, medium and large series for the agricultural sector. Contact us for a quote!\" \/>\n<meta property=\"og:url\" content=\"https:\/\/inodec.fr\/en\/agricultural-turned-part-manufacturer\/\" \/>\n<meta property=\"og:site_name\" content=\"Inodec EN\" \/>\n<meta property=\"article:modified_time\" content=\"2025-01-29T14:01:56+00:00\" \/>\n<meta name=\"twitter:card\" content=\"summary_large_image\" \/>\n<meta name=\"twitter:label1\" content=\"Estimated reading time\" \/>\n\t<meta name=\"twitter:data1\" content=\"3 minutes\" \/>\n<script type=\"application\/ld+json\" class=\"yoast-schema-graph\">{\"@context\":\"https:\\\/\\\/schema.org\",\"@graph\":[{\"@type\":\"WebPage\",\"@id\":\"https:\\\/\\\/inodec.fr\\\/en\\\/agricultural-turned-part-manufacturer\\\/\",\"url\":\"https:\\\/\\\/inodec.fr\\\/en\\\/agricultural-turned-part-manufacturer\\\/\",\"name\":\"Turning of parts in the agricultural sector, machining of agricultural parts\",\"isPartOf\":{\"@id\":\"https:\\\/\\\/inodec.fr\\\/en\\\/#website\"},\"datePublished\":\"2020-06-18T08:05:46+00:00\",\"dateModified\":\"2025-01-29T14:01:56+00:00\",\"description\":\"Inodec manufactures machined parts in small, medium and large series for the agricultural sector. Contact us for a quote!\",\"breadcrumb\":{\"@id\":\"https:\\\/\\\/inodec.fr\\\/en\\\/agricultural-turned-part-manufacturer\\\/#breadcrumb\"},\"inLanguage\":\"en-GB\",\"potentialAction\":[{\"@type\":\"ReadAction\",\"target\":[\"https:\\\/\\\/inodec.fr\\\/en\\\/agricultural-turned-part-manufacturer\\\/\"]}]},{\"@type\":\"BreadcrumbList\",\"@id\":\"https:\\\/\\\/inodec.fr\\\/en\\\/agricultural-turned-part-manufacturer\\\/#breadcrumb\",\"itemListElement\":[{\"@type\":\"ListItem\",\"position\":1,\"name\":\"Accueil\",\"item\":\"https:\\\/\\\/inodec.fr\\\/en\\\/\"},{\"@type\":\"ListItem\",\"position\":2,\"name\":\"Precision engineering of agricultural parts\"}]},{\"@type\":\"WebSite\",\"@id\":\"https:\\\/\\\/inodec.fr\\\/en\\\/#website\",\"url\":\"https:\\\/\\\/inodec.fr\\\/en\\\/\",\"name\":\"Inodec EN\",\"description\":\"Bar turning specialist\",\"potentialAction\":[{\"@type\":\"SearchAction\",\"target\":{\"@type\":\"EntryPoint\",\"urlTemplate\":\"https:\\\/\\\/inodec.fr\\\/en\\\/?s={search_term_string}\"},\"query-input\":{\"@type\":\"PropertyValueSpecification\",\"valueRequired\":true,\"valueName\":\"search_term_string\"}}],\"inLanguage\":\"en-GB\"}]}<\/script>\n<!-- \/ Yoast SEO plugin. -->","yoast_head_json":{"title":"Turning of parts in the agricultural sector, machining of agricultural parts","description":"Inodec manufactures machined parts in small, medium and large series for the agricultural sector. Contact us for a quote!","robots":{"index":"index","follow":"follow","max-snippet":"max-snippet:-1","max-image-preview":"max-image-preview:large","max-video-preview":"max-video-preview:-1"},"canonical":"https:\/\/inodec.fr\/en\/agricultural-turned-part-manufacturer\/","og_locale":"en_GB","og_type":"article","og_title":"Turning of parts in the agricultural sector, machining of agricultural parts","og_description":"Inodec manufactures machined parts in small, medium and large series for the agricultural sector. Contact us for a quote!","og_url":"https:\/\/inodec.fr\/en\/agricultural-turned-part-manufacturer\/","og_site_name":"Inodec EN","article_modified_time":"2025-01-29T14:01:56+00:00","twitter_card":"summary_large_image","twitter_misc":{"Estimated reading time":"3 minutes"},"schema":{"@context":"https:\/\/schema.org","@graph":[{"@type":"WebPage","@id":"https:\/\/inodec.fr\/en\/agricultural-turned-part-manufacturer\/","url":"https:\/\/inodec.fr\/en\/agricultural-turned-part-manufacturer\/","name":"Turning of parts in the agricultural sector, machining of agricultural parts","isPartOf":{"@id":"https:\/\/inodec.fr\/en\/#website"},"datePublished":"2020-06-18T08:05:46+00:00","dateModified":"2025-01-29T14:01:56+00:00","description":"Inodec manufactures machined parts in small, medium and large series for the agricultural sector. Contact us for a quote!","breadcrumb":{"@id":"https:\/\/inodec.fr\/en\/agricultural-turned-part-manufacturer\/#breadcrumb"},"inLanguage":"en-GB","potentialAction":[{"@type":"ReadAction","target":["https:\/\/inodec.fr\/en\/agricultural-turned-part-manufacturer\/"]}]},{"@type":"BreadcrumbList","@id":"https:\/\/inodec.fr\/en\/agricultural-turned-part-manufacturer\/#breadcrumb","itemListElement":[{"@type":"ListItem","position":1,"name":"Accueil","item":"https:\/\/inodec.fr\/en\/"},{"@type":"ListItem","position":2,"name":"Precision engineering of agricultural parts"}]},{"@type":"WebSite","@id":"https:\/\/inodec.fr\/en\/#website","url":"https:\/\/inodec.fr\/en\/","name":"Inodec EN","description":"Bar turning specialist","potentialAction":[{"@type":"SearchAction","target":{"@type":"EntryPoint","urlTemplate":"https:\/\/inodec.fr\/en\/?s={search_term_string}"},"query-input":{"@type":"PropertyValueSpecification","valueRequired":true,"valueName":"search_term_string"}}],"inLanguage":"en-GB"}]}},"_links":{"self":[{"href":"https:\/\/inodec.fr\/en\/wp-json\/wp\/v2\/pages\/1023","targetHints":{"allow":["GET"]}}],"collection":[{"href":"https:\/\/inodec.fr\/en\/wp-json\/wp\/v2\/pages"}],"about":[{"href":"https:\/\/inodec.fr\/en\/wp-json\/wp\/v2\/types\/page"}],"author":[{"embeddable":true,"href":"https:\/\/inodec.fr\/en\/wp-json\/wp\/v2\/users\/3"}],"replies":[{"embeddable":true,"href":"https:\/\/inodec.fr\/en\/wp-json\/wp\/v2\/comments?post=1023"}],"version-history":[{"count":36,"href":"https:\/\/inodec.fr\/en\/wp-json\/wp\/v2\/pages\/1023\/revisions"}],"predecessor-version":[{"id":3421,"href":"https:\/\/inodec.fr\/en\/wp-json\/wp\/v2\/pages\/1023\/revisions\/3421"}],"wp:attachment":[{"href":"https:\/\/inodec.fr\/en\/wp-json\/wp\/v2\/media?parent=1023"}],"curies":[{"name":"wp","href":"https:\/\/api.w.org\/{rel}","templated":true}]}}